{"id":19343,"date":"2022-09-05T06:31:52","date_gmt":"2022-09-05T04:31:52","guid":{"rendered":"https:\/\/pauwelsaluminium.be\/livre-dinspiration\/"},"modified":"2024-05-15T12:23:22","modified_gmt":"2024-05-15T10:23:22","slug":"livre-dinspiration","status":"publish","type":"page","link":"https:\/\/pauwelsaluminium.be\/fr\/livre-dinspiration\/","title":{"rendered":"LIVRE D&#8217;INSPIRATION"},"content":{"rendered":"<p>[vc_row parallax=&#8221;content-moving&#8221; content_text_aligment=&#8221;center&#8221; css=&#8221;.vc_custom_1672375959483{padding-top: 300px !important;padding-bottom: 300px !important;background-image: url(https:\/\/pauwelsaluminium.be\/wp-content\/uploads\/2022\/12\/Inspiratieboek-scaled.jpg?id=16779) !important;}&#8221; parallax_background_image=&#8221;15684&#8243; el_id=&#8221;set_on_mobile_banner&#8221;][vc_column][\/vc_column][\/vc_row][vc_row row_content_width=&#8221;grid&#8221; css=&#8221;.vc_custom_1665646402158{margin-top: -200px !important;}&#8221;][vc_column]<div class=\"qodef-elements-holder   qodef-one-column  qodef-responsive-mode-768   \" ><div class=\"qodef-eh-item     \" style=\"background-color: #ffffff\" data-item-class=\"qodef-eh-custom-3608\" data-1024-1366=\"80px 130px\" data-768-1024=\"80px 100px\" data-680-768=\"80px 50px\" data-680=\"80px 10px\">\n\t<div class=\"qodef-eh-item-inner\">\n\t\t<div class=\"qodef-eh-item-content qodef-eh-custom-3608\" style=\"padding: 70px 130px\">\n\t\t\t<div class=\"qodef-section-title-holder  qodef-st-standard qodef-st-title-left qodef-st-normal-space  \" style=\"text-align: center\">\n\t<div class=\"qodef-st-inner\">\n        \t\t\t\t\t<h1 class=\"qodef-st-title\" >\n\t\t\t\tT\u00c9L\u00c9CHARGEZ GRATUITEMENT LE LIVRE D'INSPIRATION PAUWELS 2024\t\t\t<\/h1>\n\t\t\t\t\t<\/div>\n<\/div>\t\t<\/div>\n\t<\/div>\n<\/div><\/div>[\/vc_column][\/vc_row][vc_row gap=&#8221;35&#8243; row_content_width=&#8221;grid&#8221; content_text_aligment=&#8221;left&#8221; css=&#8221;.vc_custom_1662187087227{padding-top: 60px !important;padding-bottom: 100px !important;}&#8221;][vc_column width=&#8221;1\/2&#8243; el_id=&#8221;Button_On_left&#8221;]<div class=\"qodef-section-title-holder  qodef-st-standard qodef-st-title-left qodef-st-normal-space  \" style=\"padding: 0px 0px 4px;text-align: left\">\n\t<div class=\"qodef-st-inner\">\n        \t\t\t\t\t<h2 class=\"qodef-st-title\" >\n\t\t\t\tVOULEZ-VOUS RECEVOIR LE LIVRE D'INSPIRATION ?\t\t\t<\/h2>\n\t\t\t\t\t<\/div>\n<\/div>[vc_empty_space height=&#8221;35px&#8221;][vc_column_text]<\/p>\n<p class=\"p1\">Le dernier livre d&#8217;inspiration de Pauwels est con\u00e7u pour mettre en valeur certaines de nos plus belles r\u00e9alisations. Laissez-vous inspirer pour votre projet sur mesure. T\u00e9l\u00e9chargez-le maintenant<\/p>\n<p>[\/vc_column_text][vc_empty_space height=&#8221;35px&#8221;][vc_raw_html]JTNDZm9ybSUyMGFjdGlvbiUzRCUyMiUwQWh0dHBzJTNBJTJGJTJGd3d3LmdldGRyaXAuY29tJTJGZm9ybXMlMkYzNzQ0OTczMjElMkZzdWJtaXNzaW9ucyUyMiUwQW1ldGhvZCUzRCUyMnBvc3QlMjIlMjBkYXRhLWRyaXAtZW1iZWRkZWQtZm9ybSUzRCUyMjM3NDQ5NzMyMSUyMiUyMGlkJTNEJTIyZHJpcC1lZi0zNzQ0OTczMjElMjIlM0UlMjAlMjAlMjAlM0NkaXYlMjBzdHlsZSUzRCUyMmRpc3BsYXklM0ElMjBub25lJTNCJTIyJTIwZGF0YS1kcmlwLWF0dHJpYnV0ZSUzRCUyMmRlc2NyaXB0aW9uJTIyJTNFJTNDc3Ryb25nJTNFVCVDMyVBOWwlQzMlQTljaGFyZ2VyJTIwbGUlMjBsaXZyZSUyMGQlMjdpbnNwaXJhdGlvbiUzQyUyRnN0cm9uZyUzRSUzQyUyRmRpdiUzRSUyMCUyMCUyMCUyMCUyMCUyMCUzQ2RpdiUzRSUyMCUyMCUyMCUyMCUyMCUyMCUyMCUzQ2xhYmVsJTIwZm9yJTNEJTIyZHJpcC1lbWFpbCUyMiUzRUFkcmVzc2UlMjBlbWFpbCUzQyUyRmxhYmVsJTNFJTNDYnIlM0UlMjAlMjAlMjAlMjAlMjAlMjAlMjAlM0NpbnB1dCUyMHR5cGUlM0QlMjJlbWFpbCUyMiUyMGlkJTNEJTIyZHJpcC1lbWFpbCUyMiUyMG5hbWUlM0QlMjJmaWVsZHMlNUJlbWFpbCU1RCUyMiUyMHZhbHVlJTNEJTIyJTIyJTNFJTIwJTIwJTIwJTNDJTJGZGl2JTNFJTIwJTIwJTIwJTNDZGl2JTIwc3R5bGUlM0QlMjJkaXNwbGF5JTNBJTIwbm9uZSUzQiUyMiUyMGFyaWEtaGlkZGVuJTNEJTIydHJ1ZSUyMiUzRSUyMCUyMCUyMCUyMCUyMCUzQ2xhYmVsJTIwZm9yJTNEJTIyd2Vic2l0ZSUyMiUzRVdlYnNpdGUlM0MlMkZsYWJlbCUzRSUzQ2JyJTNFJTIwJTIwJTIwJTIwJTIwJTNDaW5wdXQlMjB0eXBlJTNEJTIydGV4dCUyMiUyMGlkJTNEJTIyd2Vic2l0ZSUyMiUyMG5hbWUlM0QlMjJ3ZWJzaXRlJTIyJTIwdGFiaW5kZXglM0QlMjItMSUyMiUyMGF1dG9jb21wbGV0ZSUzRCUyMmZhbHNlJTIyJTIwdmFsdWUlM0QlMjIlMjIlM0UlMjAlMjAlMjAlM0MlMkZkaXYlM0UlMjAlMjAlMjAlMjAlMjAlM0NpbnB1dCUyMHR5cGUlM0QlMjJoaWRkZW4lMjIlMjBuYW1lJTNEJTIydGFncyU1QiU1RCUyMiUyMGlkJTNEJTIydGFnc18lMjIlMjB2YWx1ZSUzRCUyMkluc3BpcmF0aWVib2VrJTIwZ2Vkb3dubG9hZCUyMiUyMHRhYmluZGV4JTNEJTIyLTElMjIlM0UlMjAlMjAlMjAlM0NkaXYlM0UlMjAlMjAlMjAlMjAlMjAlM0NpbnB1dCUyMGNsYXNzJTNEJTIyZG93bmxvYURfQnV0dG9uJTIyJTIwdHlwZSUzRCUyMnN1Ym1pdCUyMiUyMHZhbHVlJTNEJTIyVCVDMyVBOWwlQzMlQTljaGFyZ2VyJTIyJTIwZGF0YS1kcmlwLWF0dHJpYnV0ZSUzRCUyMnNpZ24tdXAtYnV0dG9uJTIyJTNFJTIwJTIwJTIwJTNDJTJGZGl2JTNFJTIwJTNDJTJGZm9ybSUzRQ==[\/vc_raw_html][\/vc_column][vc_column width=&#8221;1\/2&#8243;][vc_single_image image=&#8221;22220&#8243; img_size=&#8221;full&#8221;][\/vc_column][\/vc_row][vc_row disable_element=&#8221;yes&#8221; row_content_width=&#8221;grid&#8221; content_text_aligment=&#8221;center&#8221; css=&#8221;.vc_custom_1703587748824{padding-bottom: 35px !important;}&#8221;][vc_column offset=&#8221;vc_col-lg-offset-2 vc_col-lg-8&#8243;]<div class=\"qodef-section-title-holder  qodef-st-standard qodef-st-title-left qodef-st-normal-space  \" style=\"text-align: center\">\n\t<div class=\"qodef-st-inner\">\n        \t\t\t\t\t<h2 class=\"qodef-st-title\" >\n\t\t\t\tJE VEUX RECEVOIR LE LIVRE \u00c0 LA MAISON\t\t\t<\/h2>\n\t\t\t\t\t<\/div>\n<\/div>[\/vc_column][\/vc_row][vc_row disable_element=&#8221;yes&#8221; row_content_width=&#8221;grid&#8221; css=&#8221;.vc_custom_1703587755723{padding-bottom: 100px !important;}&#8221;][vc_column]\n<div class=\"wpcf7 no-js\" id=\"wpcf7-f19596-o1\" lang=\"en-US\" dir=\"ltr\">\n<div class=\"screen-reader-response\"><p role=\"status\" aria-live=\"polite\" aria-atomic=\"true\"><\/p> <ul><\/ul><\/div>\n<form action=\"\/fr\/wp-json\/wp\/v2\/pages\/19343#wpcf7-f19596-o1\" method=\"post\" class=\"wpcf7-form init\" aria-label=\"Contact form\" novalidate=\"novalidate\" data-status=\"init\">\n<div style=\"display: none;\">\n<input type=\"hidden\" name=\"_wpcf7\" value=\"19596\" \/>\n<input type=\"hidden\" name=\"_wpcf7_version\" value=\"5.9.4\" \/>\n<input type=\"hidden\" name=\"_wpcf7_locale\" value=\"en_US\" \/>\n<input type=\"hidden\" name=\"_wpcf7_unit_tag\" value=\"wpcf7-f19596-o1\" \/>\n<input type=\"hidden\" name=\"_wpcf7_container_post\" value=\"0\" \/>\n<input type=\"hidden\" name=\"_wpcf7_posted_data_hash\" value=\"\" \/>\n<input type=\"hidden\" name=\"_wpcf7_recaptcha_response\" value=\"\" \/>\n<\/div>\n<div class=\"container contact_form\">\n  <div class=\"row\">\n    <div class=\"col-sm-6\">\n      <div class=\"col-sm-12\">\n        <label> Nom de famille * <span class=\"wpcf7-form-control-wrap\" data-name=\"your-name\"><input size=\"40\" class=\"wpcf7-form-control wpcf7-text wpcf7-validates-as-required\" aria-required=\"true\" aria-invalid=\"false\" value=\"\" type=\"text\" name=\"your-name\" \/><\/span> <\/label>\n      <\/div>\n      <div class=\"col-sm-12\">\n        <label> Pre\u0301nom * <span class=\"wpcf7-form-control-wrap\" data-name=\"your-lastname\"><input size=\"40\" class=\"wpcf7-form-control wpcf7-text wpcf7-validates-as-required\" aria-required=\"true\" aria-invalid=\"false\" value=\"\" type=\"text\" name=\"your-lastname\" \/><\/span> <\/label>\n      <\/div>\n      <div class=\"col-sm-12\">\n        <label> Adresse e\u0301lectronique * <span class=\"wpcf7-form-control-wrap\" data-name=\"your-email\"><input size=\"40\" class=\"wpcf7-form-control wpcf7-email wpcf7-validates-as-required wpcf7-text wpcf7-validates-as-email\" aria-required=\"true\" aria-invalid=\"false\" value=\"\" type=\"email\" name=\"your-email\" \/><\/span> <\/label>\n      <\/div>\n      <div class=\"col-sm-12\">\n        <label> Te\u0301le\u0301phone * <span class=\"wpcf7-form-control-wrap\" data-name=\"tel-461\"><input size=\"40\" class=\"wpcf7-form-control wpcf7-tel wpcf7-validates-as-required wpcf7-text wpcf7-validates-as-tel\" aria-required=\"true\" aria-invalid=\"false\" value=\"\" type=\"tel\" name=\"tel-461\" \/><\/span> <\/label>\n      <\/div>\n      <div class=\"col-sm-12\">\n        <label> Rue * <span class=\"wpcf7-form-control-wrap\" data-name=\"text-729\"><input size=\"40\" class=\"wpcf7-form-control wpcf7-text wpcf7-validates-as-required\" aria-required=\"true\" aria-invalid=\"false\" value=\"\" type=\"text\" name=\"text-729\" \/><\/span> <\/label>\n      <\/div>\n      <div class=\"col-sm-12\">\n        <label> Nume\u0301ro de te\u0301le\u0301phone * <span class=\"wpcf7-form-control-wrap\" data-name=\"text-750\"><input size=\"40\" class=\"wpcf7-form-control wpcf7-text wpcf7-validates-as-required\" aria-required=\"true\" aria-invalid=\"false\" value=\"\" type=\"text\" name=\"text-750\" \/><\/span> <\/label>\n      <\/div>\n      <div class=\"col-sm-12\">\n        <label> Bus <span class=\"wpcf7-form-control-wrap\" data-name=\"text-765\"><input size=\"40\" class=\"wpcf7-form-control wpcf7-text\" aria-invalid=\"false\" value=\"\" type=\"text\" name=\"text-765\" \/><\/span> <\/label>\n      <\/div>\n      <div class=\"col-sm-12\">\n        <label> Code postal * <span class=\"wpcf7-form-control-wrap\" data-name=\"text-780\"><input size=\"40\" class=\"wpcf7-form-control wpcf7-text wpcf7-validates-as-required\" aria-required=\"true\" aria-invalid=\"false\" value=\"\" type=\"text\" name=\"text-780\" \/><\/span> <\/label>\n      <\/div>\n      <div class=\"col-sm-12\">\n        <label> Ville * <span class=\"wpcf7-form-control-wrap\" data-name=\"text-790\"><input size=\"40\" class=\"wpcf7-form-control wpcf7-text wpcf7-validates-as-required\" aria-required=\"true\" aria-invalid=\"false\" value=\"\" type=\"text\" name=\"text-790\" \/><\/span> <\/label>\n      <\/div>\n      <div class=\"col-sm-12\">\n        <label> Pays * <span class=\"wpcf7-form-control-wrap\" data-name=\"text-850\"><input size=\"40\" class=\"wpcf7-form-control wpcf7-text wpcf7-validates-as-required\" aria-required=\"true\" aria-invalid=\"false\" value=\"\" type=\"text\" name=\"text-850\" \/><\/span> <\/label>\n      <\/div>\n    <\/div>\n    <div class=\"col-sm-6\">\n      <div class=\"col-sm-12\">\n        <label> Comment avez-vous entendu parler de Pauwels Verandas * <span class=\"wpcf7-form-control-wrap\" data-name=\"menu-923\"><select class=\"wpcf7-form-control wpcf7-select wpcf7-validates-as-required\" aria-required=\"true\" aria-invalid=\"false\" name=\"menu-923\"><option value=\"\">S\u00e9lectionnez une option<\/option><option value=\"Par une connaissance qui est de\u0301ja\u0300 cliente de pauwels verandas\">Par une connaissance qui est de\u0301ja\u0300 cliente de pauwels verandas<\/option><option value=\"Par Internet\">Par Internet<\/option><option value=\"Journal\/magazine\">Journal\/magazine<\/option><option value=\"radio \/ TV\">radio \/ TV<\/option><option value=\"Publicite\u0301 sur nos voitures\">Publicite\u0301 sur nos voitures<\/option><option value=\"Affiches de de\u0301file\u0301\">Affiches de de\u0301file\u0301<\/option><option value=\"E\u0301ve\u0301nement sportif\">E\u0301ve\u0301nement sportif<\/option><option value=\"Salon professionnel (p. ex. Batibouw ou autre)\">Salon professionnel (p. ex. Batibouw ou autre)<\/option><option value=\"Autres\">Autres<\/option><\/select><\/span> <\/label>\n      <\/div>\n      <div class=\"col-sm-12\">\n        <label> Questions\/commentaires ?  <span class=\"wpcf7-form-control-wrap\" data-name=\"your-message\"><textarea cols=\"40\" rows=\"10\" class=\"wpcf7-form-control wpcf7-textarea\" aria-invalid=\"false\" name=\"your-message\"><\/textarea><\/span> <\/label>\n      <\/div>\n      <div class=\"col-sm-12 add_custom_space\"> <span class=\"wpcf7-form-control-wrap\" data-name=\"acceptance-113\"><span class=\"wpcf7-form-control wpcf7-acceptance optional\"><span class=\"wpcf7-list-item\"><label><input type=\"checkbox\" name=\"acceptance-113\" value=\"1\" aria-invalid=\"false\" \/><span class=\"wpcf7-list-item-label\">J'approuve la  <a href=\"\/fr\/politique-en-matiere-de-cookies\/\" target=\"_blank\">politique de<\/a> confidentialite\u0301.<\/span><\/label><\/span><\/span><\/span><\/div>\n<div class=\"col-sm-12\" style=\"display: inline-block;\"><span class=\"wpcf7-form-control-wrap recaptcha\" data-name=\"recaptcha\"><span data-sitekey=\"6LfnuVgpAAAAAJrChfuMv3T1T3ojnn5UCpdWbKY1\" class=\"wpcf7-form-control wpcf7-recaptcha g-recaptcha\"><\/span>\n<noscript>\n\t<div class=\"grecaptcha-noscript\">\n\t\t<iframe src=\"https:\/\/www.google.com\/recaptcha\/api\/fallback?k=6LfnuVgpAAAAAJrChfuMv3T1T3ojnn5UCpdWbKY1\" frameborder=\"0\" scrolling=\"no\" width=\"310\" height=\"430\">\n\t\t<\/iframe>\n\t\t<textarea name=\"g-recaptcha-response\" rows=\"3\" cols=\"40\" placeholder=\"reCaptcha Response Here\">\n\t\t<\/textarea>\n\t<\/div>\n<\/noscript>\n<\/span><\/div>\n      <div class=\"col-sm-12\"> <input class=\"wpcf7-form-control wpcf7-submit has-spinner\" type=\"submit\" value=\"Demande de livre d\u2019inspiration\" \/><\/div>\n    <\/div>\n  <\/div>\n<\/div><input type='hidden' class='wpcf7-pum' value='{\"closepopup\":false,\"closedelay\":0,\"openpopup\":false,\"openpopup_id\":0}' \/><div class=\"wpcf7-response-output\" aria-hidden=\"true\"><\/div>\n<\/form>\n<\/div>\n[\/vc_column][\/vc_row]<\/p>\n","protected":false},"excerpt":{"rendered":"<p>[vc_row parallax=&#8221;content-moving&#8221; content_text_aligment=&#8221;center&#8221; css=&#8221;.vc_custom_1672375959483{padding-top: 300px !important;padding-bottom: 300px !important;background-image: url(https:\/\/pauwelsaluminium.be\/wp-content\/uploads\/2022\/12\/Inspiratieboek-scaled.jpg?id=16779) !important;}&#8221; parallax_background_image=&#8221;15684&#8243; el_id=&#8221;set_on_mobile_banner&#8221;][vc_column][\/vc_column][\/vc_row][vc_row row_content_width=&#8221;grid&#8221; css=&#8221;.vc_custom_1665646402158{margin-top: -200px !important;}&#8221;][vc_column][\/vc_column][\/vc_row][vc_row gap=&#8221;35&#8243; row_content_width=&#8221;grid&#8221; content_text_aligment=&#8221;left&#8221; css=&#8221;.vc_custom_1662187087227{padding-top: 60px !important;padding-bottom: 100px !important;}&#8221;][vc_column width=&#8221;1\/2&#8243; el_id=&#8221;Button_On_left&#8221;][vc_empty_space height=&#8221;35px&#8221;][vc_column_text] Le dernier livre d&#8217;inspiration de Pauwels est con\u00e7u pour mettre en valeur certaines [&hellip;]<\/p>\n","protected":false},"author":1,"featured_media":22220,"parent":0,"menu_order":0,"comment_status":"closed","ping_status":"closed","template":"full-width.php","meta":{"footnotes":""},"class_list":["post-19343","page","type-page","status-publish","has-post-thumbnail","hentry"],"acf":[],"yoast_head":"<!-- This site is optimized with the Yoast SEO plugin v19.13 - https:\/\/yoast.com\/wordpress\/plugins\/seo\/ -->\n<title>Livre d&#039;inspiration | Pauwels V\u00e9randas, Portes et Fen\u00eatres<\/title>\n<meta name=\"description\" content=\"Laissez-vous inspirer par le livre d&#039;inspiration Pauwels. T\u00e9l\u00e9chargez gratuitement notre livre d&#039;inspiration pour votre nouveau v\u00e9randa!\" \/>\n<meta name=\"robots\" content=\"index, follow, max-snippet:-1, max-image-preview:large, max-video-preview:-1\" \/>\n<link rel=\"canonical\" href=\"https:\/\/pauwelsaluminium.be\/fr\/livre-dinspiration\/\" \/>\n<meta property=\"og:locale\" content=\"fr_FR\" \/>\n<meta property=\"og:type\" content=\"article\" \/>\n<meta property=\"og:title\" content=\"Livre d&#039;inspiration | Pauwels V\u00e9randas, Portes et Fen\u00eatres\" \/>\n<meta property=\"og:description\" content=\"Laissez-vous inspirer par le livre d&#039;inspiration Pauwels. T\u00e9l\u00e9chargez gratuitement notre livre d&#039;inspiration pour votre nouveau v\u00e9randa!\" \/>\n<meta property=\"og:url\" content=\"https:\/\/pauwelsaluminium.be\/fr\/livre-dinspiration\/\" \/>\n<meta property=\"og:site_name\" content=\"Pauwels | Veranda&#039;s, ramen en deuren\" \/>\n<meta property=\"article:modified_time\" content=\"2024-05-15T10:23:22+00:00\" \/>\n<meta property=\"og:image\" content=\"https:\/\/pauwelsaluminium.be\/wp-content\/uploads\/2023\/12\/Pauwels-inspiratieboek-2024-scaled.jpeg\" \/>\n\t<meta property=\"og:image:width\" content=\"2560\" \/>\n\t<meta property=\"og:image:height\" content=\"1920\" \/>\n\t<meta property=\"og:image:type\" content=\"image\/jpeg\" \/>\n<meta name=\"twitter:card\" content=\"summary_large_image\" \/>\n<meta name=\"twitter:label1\" content=\"Dur\u00e9e de lecture estim\u00e9e\" \/>\n\t<meta name=\"twitter:data1\" content=\"2 minutes\" \/>\n<script type=\"application\/ld+json\" class=\"yoast-schema-graph\">{\"@context\":\"https:\/\/schema.org\",\"@graph\":[{\"@type\":\"WebPage\",\"@id\":\"https:\/\/pauwelsaluminium.be\/fr\/livre-dinspiration\/\",\"url\":\"https:\/\/pauwelsaluminium.be\/fr\/livre-dinspiration\/\",\"name\":\"Livre d'inspiration | Pauwels V\u00e9randas, Portes et Fen\u00eatres\",\"isPartOf\":{\"@id\":\"https:\/\/pauwelsaluminium.be\/#website\"},\"datePublished\":\"2022-09-05T04:31:52+00:00\",\"dateModified\":\"2024-05-15T10:23:22+00:00\",\"description\":\"Laissez-vous inspirer par le livre d'inspiration Pauwels. T\u00e9l\u00e9chargez gratuitement notre livre d'inspiration pour votre nouveau v\u00e9randa!\",\"breadcrumb\":{\"@id\":\"https:\/\/pauwelsaluminium.be\/fr\/livre-dinspiration\/#breadcrumb\"},\"inLanguage\":\"fr-FR\",\"potentialAction\":[{\"@type\":\"ReadAction\",\"target\":[\"https:\/\/pauwelsaluminium.be\/fr\/livre-dinspiration\/\"]}]},{\"@type\":\"BreadcrumbList\",\"@id\":\"https:\/\/pauwelsaluminium.be\/fr\/livre-dinspiration\/#breadcrumb\",\"itemListElement\":[{\"@type\":\"ListItem\",\"position\":1,\"name\":\"Home\",\"item\":\"https:\/\/pauwelsaluminium.be\/fr\/\"},{\"@type\":\"ListItem\",\"position\":2,\"name\":\"LIVRE D&#8217;INSPIRATION\"}]},{\"@type\":\"WebSite\",\"@id\":\"https:\/\/pauwelsaluminium.be\/#website\",\"url\":\"https:\/\/pauwelsaluminium.be\/\",\"name\":\"Pauwels | Veranda&#039;s, ramen en deuren\",\"description\":\"Zichtbaar beter\",\"potentialAction\":[{\"@type\":\"SearchAction\",\"target\":{\"@type\":\"EntryPoint\",\"urlTemplate\":\"https:\/\/pauwelsaluminium.be\/?s={search_term_string}\"},\"query-input\":\"required name=search_term_string\"}],\"inLanguage\":\"fr-FR\"}]}<\/script>\n<!-- \/ Yoast SEO plugin. -->","yoast_head_json":{"title":"Livre d'inspiration | Pauwels V\u00e9randas, Portes et Fen\u00eatres","description":"Laissez-vous inspirer par le livre d'inspiration Pauwels. T\u00e9l\u00e9chargez gratuitement notre livre d'inspiration pour votre nouveau v\u00e9randa!","robots":{"index":"index","follow":"follow","max-snippet":"max-snippet:-1","max-image-preview":"max-image-preview:large","max-video-preview":"max-video-preview:-1"},"canonical":"https:\/\/pauwelsaluminium.be\/fr\/livre-dinspiration\/","og_locale":"fr_FR","og_type":"article","og_title":"Livre d'inspiration | Pauwels V\u00e9randas, Portes et Fen\u00eatres","og_description":"Laissez-vous inspirer par le livre d'inspiration Pauwels. T\u00e9l\u00e9chargez gratuitement notre livre d'inspiration pour votre nouveau v\u00e9randa!","og_url":"https:\/\/pauwelsaluminium.be\/fr\/livre-dinspiration\/","og_site_name":"Pauwels | Veranda&#039;s, ramen en deuren","article_modified_time":"2024-05-15T10:23:22+00:00","og_image":[{"width":2560,"height":1920,"url":"https:\/\/pauwelsaluminium.be\/wp-content\/uploads\/2023\/12\/Pauwels-inspiratieboek-2024-scaled.jpeg","type":"image\/jpeg"}],"twitter_card":"summary_large_image","twitter_misc":{"Dur\u00e9e de lecture estim\u00e9e":"2 minutes"},"schema":{"@context":"https:\/\/schema.org","@graph":[{"@type":"WebPage","@id":"https:\/\/pauwelsaluminium.be\/fr\/livre-dinspiration\/","url":"https:\/\/pauwelsaluminium.be\/fr\/livre-dinspiration\/","name":"Livre d'inspiration | Pauwels V\u00e9randas, Portes et Fen\u00eatres","isPartOf":{"@id":"https:\/\/pauwelsaluminium.be\/#website"},"datePublished":"2022-09-05T04:31:52+00:00","dateModified":"2024-05-15T10:23:22+00:00","description":"Laissez-vous inspirer par le livre d'inspiration Pauwels. T\u00e9l\u00e9chargez gratuitement notre livre d'inspiration pour votre nouveau v\u00e9randa!","breadcrumb":{"@id":"https:\/\/pauwelsaluminium.be\/fr\/livre-dinspiration\/#breadcrumb"},"inLanguage":"fr-FR","potentialAction":[{"@type":"ReadAction","target":["https:\/\/pauwelsaluminium.be\/fr\/livre-dinspiration\/"]}]},{"@type":"BreadcrumbList","@id":"https:\/\/pauwelsaluminium.be\/fr\/livre-dinspiration\/#breadcrumb","itemListElement":[{"@type":"ListItem","position":1,"name":"Home","item":"https:\/\/pauwelsaluminium.be\/fr\/"},{"@type":"ListItem","position":2,"name":"LIVRE D&#8217;INSPIRATION"}]},{"@type":"WebSite","@id":"https:\/\/pauwelsaluminium.be\/#website","url":"https:\/\/pauwelsaluminium.be\/","name":"Pauwels | Veranda&#039;s, ramen en deuren","description":"Zichtbaar beter","potentialAction":[{"@type":"SearchAction","target":{"@type":"EntryPoint","urlTemplate":"https:\/\/pauwelsaluminium.be\/?s={search_term_string}"},"query-input":"required name=search_term_string"}],"inLanguage":"fr-FR"}]}},"_links":{"self":[{"href":"https:\/\/pauwelsaluminium.be\/fr\/wp-json\/wp\/v2\/pages\/19343","targetHints":{"allow":["GET"]}}],"collection":[{"href":"https:\/\/pauwelsaluminium.be\/fr\/wp-json\/wp\/v2\/pages"}],"about":[{"href":"https:\/\/pauwelsaluminium.be\/fr\/wp-json\/wp\/v2\/types\/page"}],"author":[{"embeddable":true,"href":"https:\/\/pauwelsaluminium.be\/fr\/wp-json\/wp\/v2\/users\/1"}],"replies":[{"embeddable":true,"href":"https:\/\/pauwelsaluminium.be\/fr\/wp-json\/wp\/v2\/comments?post=19343"}],"version-history":[{"count":17,"href":"https:\/\/pauwelsaluminium.be\/fr\/wp-json\/wp\/v2\/pages\/19343\/revisions"}],"predecessor-version":[{"id":19598,"href":"https:\/\/pauwelsaluminium.be\/fr\/wp-json\/wp\/v2\/pages\/19343\/revisions\/19598"}],"wp:featuredmedia":[{"embeddable":true,"href":"https:\/\/pauwelsaluminium.be\/fr\/wp-json\/wp\/v2\/media\/22220"}],"wp:attachment":[{"href":"https:\/\/pauwelsaluminium.be\/fr\/wp-json\/wp\/v2\/media?parent=19343"}],"curies":[{"name":"wp","href":"https:\/\/api.w.org\/{rel}","templated":true}]}}