{"id":21589,"date":"2022-09-05T07:03:16","date_gmt":"2022-09-05T05:03:16","guid":{"rendered":"https:\/\/pauwelsaluminium.be\/?page_id=21589"},"modified":"2023-08-01T20:03:12","modified_gmt":"2023-08-01T18:03:12","slug":"service-nach-dem-verkauf","status":"publish","type":"page","link":"https:\/\/pauwelsaluminium.be\/de\/service-nach-dem-verkauf\/","title":{"rendered":"SERVICE NACH DEM VERKAUF"},"content":{"rendered":"<p>[vc_row parallax=&#8221;content-moving&#8221; parallax_background_image=&#8221;16778&#8243; css=&#8221;.vc_custom_1672376276075{padding-top: 300px !important;padding-bottom: 300px !important;background-image: url(https:\/\/pauwelsaluminium.be\/wp-content\/uploads\/2022\/12\/2020_01_19_VIVA_VERANDA_COVER0198-min-scaled-e1671540373198.jpg?id=17135) !important;}&#8221; el_id=&#8221;parrllax_effect&#8221; el_class=&#8221;set_on_mobile_banner&#8221;][vc_column][\/vc_column][\/vc_row][vc_row row_content_width=&#8221;grid&#8221; css=&#8221;.vc_custom_1672718524172{margin-top: -200px !important;}&#8221; el_id=&#8221;set_text_mobile&#8221;][vc_column]<div class=\"qodef-elements-holder   qodef-one-column  qodef-responsive-mode-768   \" ><div class=\"qodef-eh-item     \" style=\"background-color: #ffffff\" data-item-class=\"qodef-eh-custom-6609\" data-1024-1366=\"80px 100px\" data-768-1024=\"80px 80px\" data-680-768=\"80px 50px\" data-680=\"80px 10px\">\n\t<div class=\"qodef-eh-item-inner\">\n\t\t<div class=\"qodef-eh-item-content qodef-eh-custom-6609\" style=\"padding: 43px 100px\">\n\t\t\t<div class=\"qodef-section-title-holder  qodef-st-standard qodef-st-title-left qodef-st-normal-space  \" style=\"text-align: center\">\n\t<div class=\"qodef-st-inner\">\n        \t\t\t\t\t<h1 class=\"qodef-st-title\" >\n\t\t\t\tSie k\u00f6nnen auch nach dem Verkauf auf uns Z\u00e4hlen\t\t\t<\/h1>\n\t\t\t\t\t\t\t<p class=\"qodef-st-text\" >\n\t\t\t\tPauwels Wintergardens | Windows strebt danach, immer die beste Qualit\u00e4t zu liefern. Dieses Engagement setzen wir auch bei unserem Kundendienst konsequent fort. M\u00f6chten Sie einen Wartungstermin vereinbaren oder ben\u00f6tigen Sie einen Ersatzteil oder eine Reparatur? F\u00fcllen Sie das nachstehende Kontaktformular so genau wie m\u00f6glich aus, damit wir Ihre Anfrage schnell und angemessen bearbeiten k\u00f6nnen.\t\t\t<\/p>\n\t\t\t<\/div>\n<\/div>\t\t<\/div>\n\t<\/div>\n<\/div><\/div>[\/vc_column][\/vc_row][vc_row row_content_width=&#8221;grid&#8221; css=&#8221;.vc_custom_1662361664971{padding-top: 30px !important;padding-bottom: 100px !important;}&#8221;][vc_column]\n<div class=\"wpcf7 no-js\" id=\"wpcf7-f21591-o1\" lang=\"en-US\" dir=\"ltr\">\n<div class=\"screen-reader-response\"><p role=\"status\" aria-live=\"polite\" aria-atomic=\"true\"><\/p> <ul><\/ul><\/div>\n<form action=\"\/de\/wp-json\/wp\/v2\/pages\/21589#wpcf7-f21591-o1\" method=\"post\" class=\"wpcf7-form init\" aria-label=\"Contact form\" enctype=\"multipart\/form-data\" novalidate=\"novalidate\" data-status=\"init\">\n<div style=\"display: none;\">\n<input type=\"hidden\" name=\"_wpcf7\" value=\"21591\" \/>\n<input type=\"hidden\" name=\"_wpcf7_version\" value=\"5.9.4\" \/>\n<input type=\"hidden\" name=\"_wpcf7_locale\" value=\"en_US\" \/>\n<input type=\"hidden\" name=\"_wpcf7_unit_tag\" value=\"wpcf7-f21591-o1\" \/>\n<input type=\"hidden\" name=\"_wpcf7_container_post\" value=\"0\" \/>\n<input type=\"hidden\" name=\"_wpcf7_posted_data_hash\" value=\"\" \/>\n<input type=\"hidden\" name=\"_wpcf7_recaptcha_response\" value=\"\" \/>\n<\/div>\n<div class=\"container contact_form\">\n  <div class=\"row\">\n    <div class=\"col-sm-6\">\n     <div class=\"col-sm-12\">\n<label> Mein Aktenzeichen  * <span class=\"wpcf7-form-control-wrap\" data-name=\"tel-461\"><input size=\"40\" class=\"wpcf7-form-control wpcf7-text wpcf7-validates-as-required\" aria-required=\"true\" aria-invalid=\"false\" value=\"\" type=\"text\" name=\"tel-461\" \/><\/span> <\/label>\n<\/div>\n\n<div class=\"col-sm-12 add_space\">\n        <label> Datei ausw\u00e4hlen \n<span class=\"wpcf7-form-control-wrap\" data-name=\"file-377\"><input size=\"40\" class=\"wpcf7-form-control wpcf7-file\" accept=\".jpg,.jpeg,.png,.tiff,.gif,.pdf,.webp\" aria-invalid=\"false\" type=\"file\" name=\"file-377\" \/><\/span> <\/label>\n      <\/div>\n<div class=\"col-sm-12 add_space\">\n        <label> Datei ausw\u00e4hlen\n<span class=\"wpcf7-form-control-wrap\" data-name=\"file-387\"><input size=\"40\" class=\"wpcf7-form-control wpcf7-file\" accept=\".jpg,.jpeg,.png,.tiff,.gif,.pdf,.webp\" aria-invalid=\"false\" type=\"file\" name=\"file-387\" \/><\/span> <\/label>\n      <\/div>\n<div class=\"col-sm-12 add_space\">\n        <label> Datei ausw\u00e4hlen\n<span class=\"wpcf7-form-control-wrap\" data-name=\"file-405\"><input size=\"40\" class=\"wpcf7-form-control wpcf7-file\" accept=\".jpg,.jpeg,.png,.tiff,.gif,.pdf,.webp\" aria-invalid=\"false\" type=\"file\" name=\"file-405\" \/><\/span> <\/label>\n      <\/div>\n<div class=\"col-sm-12 add_space\">\n        <label> Datei ausw\u00e4hlen\n<span class=\"wpcf7-form-control-wrap\" data-name=\"file-466\"><input size=\"40\" class=\"wpcf7-form-control wpcf7-file\" accept=\".jpg,.jpeg,.png,.tiff,.gif,.pdf,.webp\" aria-invalid=\"false\" type=\"file\" name=\"file-466\" \/><\/span> <\/label>\n      <\/div>\n<div class=\"col-sm-12 add_space\">\n        <label> Datei ausw\u00e4hlen\n<span class=\"wpcf7-form-control-wrap\" data-name=\"file-545\"><input size=\"40\" class=\"wpcf7-form-control wpcf7-file\" accept=\".jpg,.jpeg,.png,.tiff,.gif,.pdf,.webp\" aria-invalid=\"false\" type=\"file\" name=\"file-545\" \/><\/span> <\/label>\n      <\/div>\n       <div class=\"col-sm-12 add_space\">\n        <label> Fragen \/ Anmerkungen?  <span class=\"wpcf7-form-control-wrap\" data-name=\"your-message\"><textarea cols=\"40\" rows=\"10\" class=\"wpcf7-form-control wpcf7-textarea\" aria-invalid=\"false\" name=\"your-message\"><\/textarea><\/span> <\/label>\n      <\/div>\n    <\/div>\n    <div class=\"col-sm-6\">\n      <div class=\"col-sm-12\">\n        <label> Name * <span class=\"wpcf7-form-control-wrap\" data-name=\"your-name\"><input size=\"40\" class=\"wpcf7-form-control wpcf7-text wpcf7-validates-as-required\" aria-required=\"true\" aria-invalid=\"false\" value=\"\" type=\"text\" name=\"your-name\" \/><\/span> <\/label>\n      <\/div>\n      <div class=\"col-sm-12\">\n        <label> Vorname * <span class=\"wpcf7-form-control-wrap\" data-name=\"your-lastname\"><input size=\"40\" class=\"wpcf7-form-control wpcf7-text wpcf7-validates-as-required\" aria-required=\"true\" aria-invalid=\"false\" value=\"\" type=\"text\" name=\"your-lastname\" \/><\/span> <\/label>\n      <\/div>\n      <div class=\"col-sm-12\">\n        <label> E-Mail-Adresse * <span class=\"wpcf7-form-control-wrap\" data-name=\"your-email\"><input size=\"40\" class=\"wpcf7-form-control wpcf7-email wpcf7-validates-as-required wpcf7-text wpcf7-validates-as-email\" aria-required=\"true\" aria-invalid=\"false\" value=\"\" type=\"email\" name=\"your-email\" \/><\/span> <\/label>\n      <\/div>\n      <div class=\"col-sm-12\">\n        <label> Telefon * <span class=\"wpcf7-form-control-wrap\" data-name=\"tel-461\"><input size=\"40\" class=\"wpcf7-form-control wpcf7-tel wpcf7-validates-as-required wpcf7-text wpcf7-validates-as-tel\" aria-required=\"true\" aria-invalid=\"false\" value=\"\" type=\"tel\" name=\"tel-461\" \/><\/span> <\/label>\n      <\/div>\n      <div class=\"col-sm-12\">\n        <label> Stra\u00dfe * <span class=\"wpcf7-form-control-wrap\" data-name=\"text-729\"><input size=\"40\" class=\"wpcf7-form-control wpcf7-text wpcf7-validates-as-required\" aria-required=\"true\" aria-invalid=\"false\" value=\"\" type=\"text\" name=\"text-729\" \/><\/span> <\/label>\n      <\/div>\n      <div class=\"col-sm-12\">\n        <label> Nummer * <span class=\"wpcf7-form-control-wrap\" data-name=\"text-750\"><input size=\"40\" class=\"wpcf7-form-control wpcf7-text wpcf7-validates-as-required\" aria-required=\"true\" aria-invalid=\"false\" value=\"\" type=\"text\" name=\"text-750\" \/><\/span> <\/label>\n      <\/div>\n      <div class=\"col-sm-12\">\n        <label> Box <span class=\"wpcf7-form-control-wrap\" data-name=\"text-765\"><input size=\"40\" class=\"wpcf7-form-control wpcf7-text\" aria-invalid=\"false\" value=\"\" type=\"text\" name=\"text-765\" \/><\/span> <\/label>\n      <\/div>\n      <div class=\"col-sm-12\">\n        <label> Postleitzahl * <span class=\"wpcf7-form-control-wrap\" data-name=\"text-780\"><input size=\"40\" class=\"wpcf7-form-control wpcf7-text wpcf7-validates-as-required\" aria-required=\"true\" aria-invalid=\"false\" value=\"\" type=\"text\" name=\"text-780\" \/><\/span> <\/label>\n      <\/div>\n      <div class=\"col-sm-12\">\n        <label> Ort * <span class=\"wpcf7-form-control-wrap\" data-name=\"text-790\"><input size=\"40\" class=\"wpcf7-form-control wpcf7-text wpcf7-validates-as-required\" aria-required=\"true\" aria-invalid=\"false\" value=\"\" type=\"text\" name=\"text-790\" \/><\/span> <\/label>\n      <\/div>\n      <div class=\"col-sm-12\">\n        <label> Land * <span class=\"wpcf7-form-control-wrap\" data-name=\"text-850\"><input size=\"40\" class=\"wpcf7-form-control wpcf7-text wpcf7-validates-as-required\" aria-required=\"true\" aria-invalid=\"false\" value=\"\" type=\"text\" name=\"text-850\" \/><\/span> <\/label>\n      <\/div>\n     \n      <div class=\"col-sm-12 add_custom_space\"> <span class=\"wpcf7-form-control-wrap\" data-name=\"acceptance-113\"><span class=\"wpcf7-form-control wpcf7-acceptance optional\"><span class=\"wpcf7-list-item\"><label><input type=\"checkbox\" name=\"acceptance-113\" value=\"1\" aria-invalid=\"false\" \/><span class=\"wpcf7-list-item-label\">Ich akzeptiere die <a href=\"\/de\/cookie-privacy-policy\/\" target=\"_blank\">Datenschutzbestimmungen.<\/a><\/span><\/label><\/span><\/span><\/span><\/div>\n<div class=\"col-sm-12\" style=\"display: inline-block;\"><span class=\"wpcf7-form-control-wrap recaptcha\" data-name=\"recaptcha\"><span data-sitekey=\"6LfnuVgpAAAAAJrChfuMv3T1T3ojnn5UCpdWbKY1\" class=\"wpcf7-form-control wpcf7-recaptcha g-recaptcha\"><\/span>\n<noscript>\n\t<div class=\"grecaptcha-noscript\">\n\t\t<iframe src=\"https:\/\/www.google.com\/recaptcha\/api\/fallback?k=6LfnuVgpAAAAAJrChfuMv3T1T3ojnn5UCpdWbKY1\" frameborder=\"0\" scrolling=\"no\" width=\"310\" height=\"430\">\n\t\t<\/iframe>\n\t\t<textarea name=\"g-recaptcha-response\" rows=\"3\" cols=\"40\" placeholder=\"reCaptcha Response Here\">\n\t\t<\/textarea>\n\t<\/div>\n<\/noscript>\n<\/span><\/div>\n      <div class=\"col-sm-12\"> <input class=\"wpcf7-form-control wpcf7-submit has-spinner\" type=\"submit\" value=\"Kontakt zum Kundendienst\" \/><\/div>\n    <\/div>\n  <\/div>\n<\/div><input type='hidden' class='wpcf7-pum' value='{\"closepopup\":false,\"closedelay\":0,\"openpopup\":false,\"openpopup_id\":0}' \/><div class=\"wpcf7-response-output\" aria-hidden=\"true\"><\/div>\n<\/form>\n<\/div>\n[\/vc_column][\/vc_row]<\/p>\n","protected":false},"excerpt":{"rendered":"<p>[vc_row parallax=&#8221;content-moving&#8221; parallax_background_image=&#8221;16778&#8243; css=&#8221;.vc_custom_1672376276075{padding-top: 300px !important;padding-bottom: 300px !important;background-image: url(https:\/\/pauwelsaluminium.be\/wp-content\/uploads\/2022\/12\/2020_01_19_VIVA_VERANDA_COVER0198-min-scaled-e1671540373198.jpg?id=17135) !important;}&#8221; el_id=&#8221;parrllax_effect&#8221; el_class=&#8221;set_on_mobile_banner&#8221;][vc_column][\/vc_column][\/vc_row][vc_row row_content_width=&#8221;grid&#8221; css=&#8221;.vc_custom_1672718524172{margin-top: -200px !important;}&#8221; el_id=&#8221;set_text_mobile&#8221;][vc_column][\/vc_column][\/vc_row][vc_row row_content_width=&#8221;grid&#8221; css=&#8221;.vc_custom_1662361664971{padding-top: 30px !important;padding-bottom: 100px !important;}&#8221;][vc_column][\/vc_column][\/vc_row]<\/p>\n","protected":false},"author":1,"featured_media":21464,"parent":0,"menu_order":0,"comment_status":"closed","ping_status":"closed","template":"full-width.php","meta":{"footnotes":""},"class_list":["post-21589","page","type-page","status-publish","has-post-thumbnail","hentry"],"acf":[],"yoast_head":"<!-- This site is optimized with the Yoast SEO plugin v19.13 - https:\/\/yoast.com\/wordpress\/plugins\/seo\/ -->\n<title>Service nach dem Verkauf | Kontakt | PAUWELS<\/title>\n<meta name=\"description\" content=\"Unser Kundendienst steht Ihnen im Falle einer Wartung, eines Austauschs oder einer Reparatur an Ihrem Pauwels-Projekt zur Verf\u00fcgung.\" \/>\n<meta name=\"robots\" content=\"index, follow, max-snippet:-1, max-image-preview:large, max-video-preview:-1\" \/>\n<link rel=\"canonical\" href=\"https:\/\/pauwelsaluminium.be\/de\/service-nach-dem-verkauf\/\" \/>\n<meta property=\"og:locale\" content=\"de_DE\" \/>\n<meta property=\"og:type\" content=\"article\" \/>\n<meta property=\"og:title\" content=\"Service nach dem Verkauf | Kontakt | PAUWELS\" \/>\n<meta property=\"og:description\" content=\"Unser Kundendienst steht Ihnen im Falle einer Wartung, eines Austauschs oder einer Reparatur an Ihrem Pauwels-Projekt zur Verf\u00fcgung.\" \/>\n<meta property=\"og:url\" content=\"https:\/\/pauwelsaluminium.be\/de\/service-nach-dem-verkauf\/\" \/>\n<meta property=\"og:site_name\" content=\"Pauwels | Veranda&#039;s, ramen en deuren\" \/>\n<meta property=\"article:modified_time\" content=\"2023-08-01T18:03:12+00:00\" \/>\n<meta property=\"og:image\" content=\"https:\/\/pauwelsaluminium.be\/wp-content\/uploads\/2022\/12\/2020_01_19_VIVA_VERANDA_COVER0198-min-scaled-e1671540373198.jpg\" \/>\n\t<meta property=\"og:image:width\" content=\"2560\" \/>\n\t<meta property=\"og:image:height\" content=\"1401\" \/>\n\t<meta property=\"og:image:type\" content=\"image\/jpeg\" \/>\n<meta name=\"twitter:card\" content=\"summary_large_image\" \/>\n<meta name=\"twitter:label1\" content=\"Gesch\u00e4tzte Lesezeit\" \/>\n\t<meta name=\"twitter:data1\" content=\"1\u00a0Minute\" \/>\n<script type=\"application\/ld+json\" class=\"yoast-schema-graph\">{\"@context\":\"https:\/\/schema.org\",\"@graph\":[{\"@type\":\"WebPage\",\"@id\":\"https:\/\/pauwelsaluminium.be\/de\/service-nach-dem-verkauf\/\",\"url\":\"https:\/\/pauwelsaluminium.be\/de\/service-nach-dem-verkauf\/\",\"name\":\"Service nach dem Verkauf | Kontakt | PAUWELS\",\"isPartOf\":{\"@id\":\"https:\/\/pauwelsaluminium.be\/#website\"},\"datePublished\":\"2022-09-05T05:03:16+00:00\",\"dateModified\":\"2023-08-01T18:03:12+00:00\",\"description\":\"Unser Kundendienst steht Ihnen im Falle einer Wartung, eines Austauschs oder einer Reparatur an Ihrem Pauwels-Projekt zur Verf\u00fcgung.\",\"breadcrumb\":{\"@id\":\"https:\/\/pauwelsaluminium.be\/de\/service-nach-dem-verkauf\/#breadcrumb\"},\"inLanguage\":\"de\",\"potentialAction\":[{\"@type\":\"ReadAction\",\"target\":[\"https:\/\/pauwelsaluminium.be\/de\/service-nach-dem-verkauf\/\"]}]},{\"@type\":\"BreadcrumbList\",\"@id\":\"https:\/\/pauwelsaluminium.be\/de\/service-nach-dem-verkauf\/#breadcrumb\",\"itemListElement\":[{\"@type\":\"ListItem\",\"position\":1,\"name\":\"Home\",\"item\":\"https:\/\/pauwelsaluminium.be\/de\/\"},{\"@type\":\"ListItem\",\"position\":2,\"name\":\"SERVICE NACH DEM VERKAUF\"}]},{\"@type\":\"WebSite\",\"@id\":\"https:\/\/pauwelsaluminium.be\/#website\",\"url\":\"https:\/\/pauwelsaluminium.be\/\",\"name\":\"Pauwels | Veranda&#039;s, ramen en deuren\",\"description\":\"Zichtbaar beter\",\"potentialAction\":[{\"@type\":\"SearchAction\",\"target\":{\"@type\":\"EntryPoint\",\"urlTemplate\":\"https:\/\/pauwelsaluminium.be\/?s={search_term_string}\"},\"query-input\":\"required name=search_term_string\"}],\"inLanguage\":\"de\"}]}<\/script>\n<!-- \/ Yoast SEO plugin. -->","yoast_head_json":{"title":"Service nach dem Verkauf | Kontakt | PAUWELS","description":"Unser Kundendienst steht Ihnen im Falle einer Wartung, eines Austauschs oder einer Reparatur an Ihrem Pauwels-Projekt zur Verf\u00fcgung.","robots":{"index":"index","follow":"follow","max-snippet":"max-snippet:-1","max-image-preview":"max-image-preview:large","max-video-preview":"max-video-preview:-1"},"canonical":"https:\/\/pauwelsaluminium.be\/de\/service-nach-dem-verkauf\/","og_locale":"de_DE","og_type":"article","og_title":"Service nach dem Verkauf | Kontakt | PAUWELS","og_description":"Unser Kundendienst steht Ihnen im Falle einer Wartung, eines Austauschs oder einer Reparatur an Ihrem Pauwels-Projekt zur Verf\u00fcgung.","og_url":"https:\/\/pauwelsaluminium.be\/de\/service-nach-dem-verkauf\/","og_site_name":"Pauwels | Veranda&#039;s, ramen en deuren","article_modified_time":"2023-08-01T18:03:12+00:00","og_image":[{"width":2560,"height":1401,"url":"https:\/\/pauwelsaluminium.be\/wp-content\/uploads\/2022\/12\/2020_01_19_VIVA_VERANDA_COVER0198-min-scaled-e1671540373198.jpg","type":"image\/jpeg"}],"twitter_card":"summary_large_image","twitter_misc":{"Gesch\u00e4tzte Lesezeit":"1\u00a0Minute"},"schema":{"@context":"https:\/\/schema.org","@graph":[{"@type":"WebPage","@id":"https:\/\/pauwelsaluminium.be\/de\/service-nach-dem-verkauf\/","url":"https:\/\/pauwelsaluminium.be\/de\/service-nach-dem-verkauf\/","name":"Service nach dem Verkauf | Kontakt | PAUWELS","isPartOf":{"@id":"https:\/\/pauwelsaluminium.be\/#website"},"datePublished":"2022-09-05T05:03:16+00:00","dateModified":"2023-08-01T18:03:12+00:00","description":"Unser Kundendienst steht Ihnen im Falle einer Wartung, eines Austauschs oder einer Reparatur an Ihrem Pauwels-Projekt zur Verf\u00fcgung.","breadcrumb":{"@id":"https:\/\/pauwelsaluminium.be\/de\/service-nach-dem-verkauf\/#breadcrumb"},"inLanguage":"de","potentialAction":[{"@type":"ReadAction","target":["https:\/\/pauwelsaluminium.be\/de\/service-nach-dem-verkauf\/"]}]},{"@type":"BreadcrumbList","@id":"https:\/\/pauwelsaluminium.be\/de\/service-nach-dem-verkauf\/#breadcrumb","itemListElement":[{"@type":"ListItem","position":1,"name":"Home","item":"https:\/\/pauwelsaluminium.be\/de\/"},{"@type":"ListItem","position":2,"name":"SERVICE NACH DEM VERKAUF"}]},{"@type":"WebSite","@id":"https:\/\/pauwelsaluminium.be\/#website","url":"https:\/\/pauwelsaluminium.be\/","name":"Pauwels | Veranda&#039;s, ramen en deuren","description":"Zichtbaar beter","potentialAction":[{"@type":"SearchAction","target":{"@type":"EntryPoint","urlTemplate":"https:\/\/pauwelsaluminium.be\/?s={search_term_string}"},"query-input":"required name=search_term_string"}],"inLanguage":"de"}]}},"_links":{"self":[{"href":"https:\/\/pauwelsaluminium.be\/de\/wp-json\/wp\/v2\/pages\/21589","targetHints":{"allow":["GET"]}}],"collection":[{"href":"https:\/\/pauwelsaluminium.be\/de\/wp-json\/wp\/v2\/pages"}],"about":[{"href":"https:\/\/pauwelsaluminium.be\/de\/wp-json\/wp\/v2\/types\/page"}],"author":[{"embeddable":true,"href":"https:\/\/pauwelsaluminium.be\/de\/wp-json\/wp\/v2\/users\/1"}],"replies":[{"embeddable":true,"href":"https:\/\/pauwelsaluminium.be\/de\/wp-json\/wp\/v2\/comments?post=21589"}],"version-history":[{"count":3,"href":"https:\/\/pauwelsaluminium.be\/de\/wp-json\/wp\/v2\/pages\/21589\/revisions"}],"predecessor-version":[{"id":21640,"href":"https:\/\/pauwelsaluminium.be\/de\/wp-json\/wp\/v2\/pages\/21589\/revisions\/21640"}],"wp:featuredmedia":[{"embeddable":true,"href":"https:\/\/pauwelsaluminium.be\/de\/wp-json\/wp\/v2\/media\/21464"}],"wp:attachment":[{"href":"https:\/\/pauwelsaluminium.be\/de\/wp-json\/wp\/v2\/media?parent=21589"}],"curies":[{"name":"wp","href":"https:\/\/api.w.org\/{rel}","templated":true}]}}