{"id":21545,"date":"2022-10-13T03:14:22","date_gmt":"2022-10-13T01:14:22","guid":{"rendered":"https:\/\/pauwelsaluminium.be\/?page_id=21545"},"modified":"2023-08-01T21:19:55","modified_gmt":"2023-08-01T19:19:55","slug":"sonnenschutz","status":"publish","type":"page","link":"https:\/\/pauwelsaluminium.be\/de\/sonnenschutz\/","title":{"rendered":"SONNENSCHUTZ"},"content":{"rendered":"<p>[vc_row row_content_width=&#8221;grid&#8221; css=&#8221;.vc_custom_1672308431315{padding-top: 6.85% !important;padding-bottom: 6.85% !important;background-image: url(https:\/\/pauwelsaluminium.be\/wp-content\/uploads\/2022\/10\/renson-zonwering-bij-pauwels.jpg?id=6225) !important;background-position: center !important;background-repeat: no-repeat !important;background-size: cover !important;}&#8221; el_id=&#8221;set_on_mobile&#8221;][vc_column width=&#8221;2\/3&#8243; offset=&#8221;vc_col-lg-5 vc_col-md-7&#8243; css=&#8221;.vc_custom_1527690082258{padding-top: 0px !important;padding-right: 17% !important;padding-bottom: 0px !important;padding-left: 17% !important;}&#8221;]<div class=\"qodef-elements-holder   qodef-one-column  qodef-responsive-mode-768   \" ><div class=\"qodef-eh-item     \" style=\"background-color: rgba(255,255,255,0.75)\" data-item-class=\"qodef-eh-custom-3652\" data-1366-1600=\"58px 30px 63px 30px\" data-1024-1366=\"58px 20px 63px\" data-768-1024=\"58px 20px 63px\" data-680-768=\"58px 25px 63px\" data-680=\"58px 20px 63px\">\n\t<div class=\"qodef-eh-item-inner\">\n\t\t<div class=\"qodef-eh-item-content qodef-eh-custom-3652\" style=\"padding: 58px 100px 63px 48px\">\n\t\t\t<div class=\"qodef-section-title-holder  qodef-st-standard qodef-st-title-left qodef-st-normal-space  \" style=\"padding: 0px\">\n\t<div class=\"qodef-st-inner\">\n        \t\t\t\t\t<h1 class=\"qodef-st-title\" >\n\t\t\t\tSONNENSCHUTZ<br \/>\t\t\t<\/h1>\n\t\t\t\t\t\t\t<p class=\"qodef-st-text\" style=\"margin-top: 14px\">\n\t\t\t\tSonnen- und Sichtschutz.\t\t\t<\/p>\n\t\t\t<\/div>\n<\/div>\t\t<\/div>\n\t<\/div>\n<\/div><\/div>[\/vc_column][\/vc_row][vc_row row_content_width=&#8221;grid&#8221; css=&#8221;.vc_custom_1665631160994{padding-top: 100px !important;padding-bottom: 100px !important;}&#8221;][vc_column]<div class=\"qodef-section-title-holder  qodef-st-standard qodef-st-title-left qodef-st-normal-space  \" style=\"padding: 0px 0px 4px;text-align: left\">\n\t<div class=\"qodef-st-inner\">\n        \t\t\t\t\t<h2 class=\"qodef-st-title\" >\n\t\t\t\tKOMFORT ZU JEDER JAHRESZEIT\t\t\t<\/h2>\n\t\t\t\t\t<\/div>\n<\/div>[vc_column_text]Eine ausreichende Menge an Tageslicht ist entscheidend f\u00fcr unser Wohlbefinden. Wenn man bedenkt, dass wir im Durchschnitt 90 % unserer Zeit in Innenr\u00e4umen verbringen, kann man verstehen, warum gro\u00dfe Glasscheiben so beliebt sind. Sie entsprechen dem Bed\u00fcrfnis nach nat\u00fcrlichem Licht, bringen aber gleichzeitig ein neues Problem mit sich: die &#8220;Erw\u00e4rmung unserer Wohnungen&#8221;.[\/vc_column_text][vc_empty_space height=&#8221;50px&#8221;]<div class=\"qodef-section-title-holder  qodef-st-standard qodef-st-title-left qodef-st-normal-space  \" style=\"padding: 0px 0px 4px;text-align: left\">\n\t<div class=\"qodef-st-inner\">\n        \t\t\t\t\t<h2 class=\"qodef-st-title\" >\n\t\t\t\tINNEN- UND AU\u00dfENSONNENSCHUTZ\t\t\t<\/h2>\n\t\t\t\t\t<\/div>\n<\/div>[vc_column_text]Es gibt zwei Arten von Sonnenschutz: f\u00fcr drinnen und drau\u00dfen. Innensonnenschutz blockiert zwar das Licht, aber viel weniger die W\u00e4rme. Au\u00dfensonnenschutz blockiert die W\u00e4rme am effizientesten. Dies ist sowohl bei Neubauten als auch bei Renovierungen eine interessante Wahl.<\/p>\n<p>Der Kampf gegen \u00dcberhitzung ist keine Schwarz-Wei\u00df-Geschichte. Au\u00dfensonnenschutz bildet eine solide Grundlage, um die Sonnenw\u00e4rme fernzuhalten. In den hei\u00dfesten Stunden des Tages kann dann eine Klimaanlage mehr Leistung bringen und Ihre Innenr\u00e4ume st\u00e4rker k\u00fchlen. Ohne Investitionen in den Sonnenschutz f\u00fchrt eine Klimaanlage jedoch zu einem sehr hohen Energieverbrauch und einer horrenden Rechnung. Beginnen Sie also mit den Grundlagen: mit effizientem und effektivem nat\u00fcrlichen Sonnenschutz.<\/p>\n<p>Genie\u00dfen Sie das perfekte Raumklima dank unserer verschiedenen Arten von Sonnenschutz. Wir sorgen f\u00fcr eine sch\u00f6ne Integration der Systeme, damit die \u00c4sthetik Ihres Projekts erhalten bleibt. Alle unsere Produkte sind elektrisch gesteuert. So k\u00f6nnen Sie alles eigenst\u00e4ndig bedienen.[\/vc_column_text][\/vc_column][\/vc_row][vc_row gap=&#8221;35&#8243; row_content_width=&#8221;grid&#8221; content_text_aligment=&#8221;left&#8221; css=&#8221;.vc_custom_1662112412003{padding-bottom: 100px !important;}&#8221;][vc_column width=&#8221;1\/2&#8243;][vc_single_image image=&#8221;6222&#8243; img_size=&#8221;full&#8221;][\/vc_column][vc_column width=&#8221;1\/2&#8243;]<div class=\"qodef-section-title-holder  qodef-st-standard qodef-st-title-left qodef-st-normal-space  \" style=\"padding: 0px 0px 4px;text-align: left\">\n\t<div class=\"qodef-st-inner\">\n        \t\t\t\t\t<h3 class=\"qodef-st-title\" >\n\t\t\t\tVERTIKALE MARKISEN\t\t\t<\/h3>\n\t\t\t\t\t<\/div>\n<\/div>[vc_empty_space height=&#8221;25px&#8221;][vc_column_text]Vertikale Markisen sind straff h\u00e4ngende, einziehbare Sonnenschutzgewebe, die den Innenraum k\u00fchl halten. Sie lassen sich je nach Bedarf auf- oder zurollen, um die einfallende Sonnenw\u00e4rme zu regulieren. Mit windfesten Markisen sparen Sie betr\u00e4chtlich an Ausgaben f\u00fcr aktive K\u00fchlung. Das Wichtigste ist nat\u00fcrlich das angenehme Raumklima und der Wohnkomfort.<\/p>\n<p>Vertikale Markisen halten nicht nur die Hitze drau\u00dfen, sondern bieten Ihnen noch weitere Vorteile. Sie blockieren UV-Strahlen, verhindern st\u00f6rende Blendung bei tief stehender Sonne und schaffen zus\u00e4tzliche Privatsph\u00e4re.[\/vc_column_text][vc_empty_space height=&#8221;25px&#8221;][vc_single_image image=&#8221;6034&#8243; img_size=&#8221;medium&#8221; onclick=&#8221;custom_link&#8221; img_link_target=&#8221;_blank&#8221; link=&#8221;https:\/\/www.renson.eu\/&#8221;][\/vc_column][\/vc_row][vc_row gap=&#8221;35&#8243; row_content_width=&#8221;grid&#8221; content_text_aligment=&#8221;left&#8221; css=&#8221;.vc_custom_1672375206817{padding-bottom: 100px !important;}&#8221; el_id=&#8221;show_on_pc&#8221;][vc_column width=&#8221;1\/2&#8243;]<div class=\"qodef-section-title-holder  qodef-st-standard qodef-st-title-left qodef-st-normal-space  \" style=\"padding: 0px 0px 4px;text-align: left\">\n\t<div class=\"qodef-st-inner\">\n        \t\t\t\t\t<h3 class=\"qodef-st-title\" >\n\t\t\t\tDACHMARKISEN\t\t\t<\/h3>\n\t\t\t\t\t<\/div>\n<\/div>[vc_empty_space height=&#8221;30px&#8221;][vc_column_text]Horizontale Markisen sind eine effiziente und stilvolle Form des Sonnenschutzes f\u00fcr nicht vertikale Verglasungen. Auf diese Weise k\u00f6nnen Sie auch R\u00e4ume in der N\u00e4he von Winterg\u00e4rten und Dachfenstern an hei\u00dfen Tagen k\u00fchl halten. Sie verbinden die Vorteile eines Markisentuchs mit zuverl\u00e4ssigen Befestigungssystemen.<\/p>\n<p>Dachmarkisen halten nicht nur die Hitze drau\u00dfen, sondern bieten Ihnen noch weitere Vorteile: sie blockieren die UV-Strahlen und halten Ihren Raum k\u00fchl, auch wenn Sie nicht zu Hause sind.[\/vc_column_text][vc_empty_space height=&#8221;30px&#8221;][vc_single_image image=&#8221;6034&#8243; img_size=&#8221;medium&#8221; onclick=&#8221;custom_link&#8221; img_link_target=&#8221;_blank&#8221; link=&#8221;https:\/\/www.renson.eu\/&#8221;][\/vc_column][vc_column width=&#8221;1\/2&#8243;][vc_single_image image=&#8221;6640&#8243; img_size=&#8221;full&#8221;][\/vc_column][\/vc_row][vc_row gap=&#8221;35&#8243; row_content_width=&#8221;grid&#8221; content_text_aligment=&#8221;left&#8221; css=&#8221;.vc_custom_1672375222578{padding-bottom: 100px !important;}&#8221; el_id=&#8221;show_on_mobile&#8221;][vc_column width=&#8221;1\/2&#8243;][vc_single_image image=&#8221;6640&#8243; img_size=&#8221;full&#8221;][\/vc_column][vc_column width=&#8221;1\/2&#8243;]<div class=\"qodef-section-title-holder  qodef-st-standard qodef-st-title-left qodef-st-normal-space  \" style=\"padding: 0px 0px 4px;text-align: left\">\n\t<div class=\"qodef-st-inner\">\n        \t\t\t\t\t<h3 class=\"qodef-st-title\" >\n\t\t\t\tDACHMARKISEN\t\t\t<\/h3>\n\t\t\t\t\t<\/div>\n<\/div>[vc_empty_space height=&#8221;30px&#8221;][vc_column_text]Horizontale Markisen sind eine effiziente und stilvolle Form des Sonnenschutzes f\u00fcr nicht vertikale Verglasungen. Auf diese Weise k\u00f6nnen Sie auch R\u00e4ume in der N\u00e4he von Winterg\u00e4rten und Dachfenstern an hei\u00dfen Tagen k\u00fchl halten. Sie verbinden die Vorteile eines Markisentuchs mit zuverl\u00e4ssigen Befestigungssystemen.<\/p>\n<p>Dachmarkisen halten nicht nur die Hitze drau\u00dfen, sondern bieten Ihnen noch weitere Vorteile: sie blockieren die UV-Strahlen und halten Ihren Raum k\u00fchl, auch wenn Sie nicht zu Hause sind.[\/vc_column_text][vc_empty_space height=&#8221;30px&#8221;][vc_single_image image=&#8221;6034&#8243; img_size=&#8221;medium&#8221; onclick=&#8221;custom_link&#8221; img_link_target=&#8221;_blank&#8221; link=&#8221;https:\/\/www.renson.eu\/&#8221;][\/vc_column][\/vc_row][vc_row gap=&#8221;35&#8243; row_content_width=&#8221;grid&#8221; content_text_aligment=&#8221;left&#8221; css=&#8221;.vc_custom_1662113132694{padding-bottom: 100px !important;}&#8221;][vc_column width=&#8221;1\/2&#8243;][vc_single_image image=&#8221;6641&#8243; img_size=&#8221;full&#8221;][\/vc_column][vc_column width=&#8221;1\/2&#8243;]<div class=\"qodef-section-title-holder  qodef-st-standard qodef-st-title-left qodef-st-normal-space  \" style=\"padding: 0px 0px 4px;text-align: left\">\n\t<div class=\"qodef-st-inner\">\n        \t\t\t\t\t<h3 class=\"qodef-st-title\" >\n\t\t\t\tROLLL\u00c4DEN\t\t\t<\/h3>\n\t\t\t\t\t<\/div>\n<\/div>[vc_empty_space height=&#8221;10px&#8221;][vc_column_text]Wir arbeiten in der Regel mit Rollladenkasten. Diese werden immer zusammen mit Ihren Fenstern und T\u00fcren eingebaut. Dadurch eignen sie sich hervorragend f\u00fcr Neubauten und H\u00e4user, in denen die Fenster komplett ausgetauscht werden.<\/p>\n<p>Der gro\u00dfe Unterschied zu den Rolll\u00e4den vergangener Zeiten? Diese Rollladenkasten sind vorged\u00e4mmt und passen sich perfekt an das Fensterprofil an. Das macht sie energie- und unterhaltsfreundlicher. Sie brauchen keinen Schreiner mehr zu beauftragen, um die Innenseite Ihres Hauses fertig zu stellen, da der Kasten einfach Teil der Innenausstattung ist.<\/p>\n<p>Der Rollladenkasten kann auch mit einer L\u00fcftung ausgestattet werden. Die Rollladenlamellen sind standardm\u00e4\u00dfig wei\u00df, und die untere Schiene ist in der gleichen Farbe wie die Au\u00dfenverkleidung gehalten. Auf Wunsch k\u00f6nnen die Rollladenst\u00e4be auch in anderen Farben geliefert werden. Weitere Vorteile von Rolll\u00e4den sind die M\u00f6glichkeit einer bis zu 100 %-igen Verdunkelung und ein besserer Einbruchschutz.[\/vc_column_text][vc_empty_space height=&#8221;30px&#8221;][vc_single_image image=&#8221;6037&#8243; img_size=&#8221;medium&#8221; onclick=&#8221;custom_link&#8221; img_link_target=&#8221;_blank&#8221; link=&#8221;https:\/\/www.wilms.be\/&#8221;][\/vc_column][\/vc_row][vc_row css=&#8221;.vc_custom_1667920504274{padding-top: 14% !important;padding-bottom: 13% !important;background-image: url(https:\/\/pauwelsaluminium.be\/wp-content\/uploads\/2022\/11\/PAUWELS-lamellenwand-zonwering-parrallax.jpg?id=6642) !important;}&#8221; parallax_background_image=&#8221;6224&#8243; el_id=&#8221;parrllax_effect&#8221;][vc_column][\/vc_column][\/vc_row][vc_row row_content_width=&#8221;grid&#8221; css=&#8221;.vc_custom_1665631561436{margin-top: -120px !important;padding-bottom: 110px !important;}&#8221;][vc_column offset=&#8221;vc_col-lg-offset-0 vc_col-lg-12&#8243;]<div class=\"qodef-elements-holder   qodef-one-column  qodef-responsive-mode-768   \" style=\"background-color: #ffffff\"><div class=\"qodef-eh-item   qodef-horizontal-alignment-center  qodef-eh-shadow\"  data-item-class=\"qodef-eh-custom-7264\">\n\t<div class=\"qodef-eh-item-inner\">\n\t\t<div class=\"qodef-eh-item-content qodef-eh-custom-7264\" style=\"padding: 50px 0px 54px 0px\">\n\t\t\t<div class=\"qodef-section-title-holder  qodef-st-standard qodef-st-title-left qodef-st-normal-space  \" style=\"text-align: center\">\n\t<div class=\"qodef-st-inner\">\n        \t\t\t\t\t<h4 class=\"qodef-st-title\" >\n\t\t\t\tHABEN SIE EINE FRAGE ODER W\u00dcNSCHEN SIE WEITERE INFORMATIONEN?\t\t\t<\/h4>\n\t\t\t\t\t<\/div>\n<\/div>[vc_empty_space height=&#8221;25px&#8221;]<a itemprop=\"url\" href=\"\/de\/kontakt\/\" target=\"_self\"  class=\"qodef-btn qodef-btn-medium qodef-btn-solid\"  >\n\t        <span class=\"qodef-btn-text\">KONTAKT AUFNEHMEN<\/span>\n            <\/a>\t\t<\/div>\n\t<\/div>\n<\/div><\/div>[\/vc_column][\/vc_row]<\/p>\n","protected":false},"excerpt":{"rendered":"<p>[vc_row row_content_width=&#8221;grid&#8221; css=&#8221;.vc_custom_1672308431315{padding-top: 6.85% !important;padding-bottom: 6.85% !important;background-image: url(https:\/\/pauwelsaluminium.be\/wp-content\/uploads\/2022\/10\/renson-zonwering-bij-pauwels.jpg?id=6225) !important;background-position: center !important;background-repeat: no-repeat !important;background-size: cover !important;}&#8221; el_id=&#8221;set_on_mobile&#8221;][vc_column width=&#8221;2\/3&#8243; offset=&#8221;vc_col-lg-5 vc_col-md-7&#8243; css=&#8221;.vc_custom_1527690082258{padding-top: 0px !important;padding-right: 17% !important;padding-bottom: 0px !important;padding-left: 17% !important;}&#8221;][\/vc_column][\/vc_row][vc_row row_content_width=&#8221;grid&#8221; css=&#8221;.vc_custom_1665631160994{padding-top: 100px !important;padding-bottom: 100px !important;}&#8221;][vc_column][vc_column_text]Eine ausreichende Menge an Tageslicht ist entscheidend [&hellip;]<\/p>\n","protected":false},"author":1,"featured_media":20024,"parent":0,"menu_order":0,"comment_status":"closed","ping_status":"closed","template":"full-width.php","meta":{"footnotes":""},"class_list":["post-21545","page","type-page","status-publish","has-post-thumbnail","hentry"],"acf":[],"yoast_head":"<!-- This site is optimized with the Yoast SEO plugin v19.13 - https:\/\/yoast.com\/wordpress\/plugins\/seo\/ -->\n<title>Sonnenschutz nach Ma\u00df | F\u00fcr den Innen- und Au\u00dfenbereich | PAUWELS<\/title>\n<meta name=\"description\" content=\"Sie ben\u00f6tigen eine Sonnenschutz? F\u00fcr den Sonnenschutz im Innen- oder Au\u00dfenbereich k\u00f6nnen Sie sich an uns wenden. Entdecken Sie unsere Senkrechtmarkisen, Dachmarkisen oder Rolll\u00e4den.\" \/>\n<meta name=\"robots\" content=\"index, follow, max-snippet:-1, max-image-preview:large, max-video-preview:-1\" \/>\n<link rel=\"canonical\" href=\"https:\/\/pauwelsaluminium.be\/de\/sonnenschutz\/\" \/>\n<meta property=\"og:locale\" content=\"de_DE\" \/>\n<meta property=\"og:type\" content=\"article\" \/>\n<meta property=\"og:title\" content=\"Sonnenschutz nach Ma\u00df | F\u00fcr den Innen- und Au\u00dfenbereich | PAUWELS\" \/>\n<meta property=\"og:description\" content=\"Sie ben\u00f6tigen eine Sonnenschutz? F\u00fcr den Sonnenschutz im Innen- oder Au\u00dfenbereich k\u00f6nnen Sie sich an uns wenden. Entdecken Sie unsere Senkrechtmarkisen, Dachmarkisen oder Rolll\u00e4den.\" \/>\n<meta property=\"og:url\" content=\"https:\/\/pauwelsaluminium.be\/de\/sonnenschutz\/\" \/>\n<meta property=\"og:site_name\" content=\"Pauwels | Veranda&#039;s, ramen en deuren\" \/>\n<meta property=\"article:modified_time\" content=\"2023-08-01T19:19:55+00:00\" \/>\n<meta property=\"og:image\" content=\"https:\/\/pauwelsaluminium.be\/wp-content\/uploads\/2022\/10\/renson-zonwering-bij-pauwels.jpg\" \/>\n\t<meta property=\"og:image:width\" content=\"1318\" \/>\n\t<meta property=\"og:image:height\" content=\"500\" \/>\n\t<meta property=\"og:image:type\" content=\"image\/jpeg\" \/>\n<meta name=\"twitter:card\" content=\"summary_large_image\" \/>\n<meta name=\"twitter:label1\" content=\"Gesch\u00e4tzte Lesezeit\" \/>\n\t<meta name=\"twitter:data1\" content=\"7\u00a0Minuten\" \/>\n<script type=\"application\/ld+json\" class=\"yoast-schema-graph\">{\"@context\":\"https:\/\/schema.org\",\"@graph\":[{\"@type\":\"WebPage\",\"@id\":\"https:\/\/pauwelsaluminium.be\/de\/sonnenschutz\/\",\"url\":\"https:\/\/pauwelsaluminium.be\/de\/sonnenschutz\/\",\"name\":\"Sonnenschutz nach Ma\u00df | F\u00fcr den Innen- und Au\u00dfenbereich | PAUWELS\",\"isPartOf\":{\"@id\":\"https:\/\/pauwelsaluminium.be\/#website\"},\"datePublished\":\"2022-10-13T01:14:22+00:00\",\"dateModified\":\"2023-08-01T19:19:55+00:00\",\"description\":\"Sie ben\u00f6tigen eine Sonnenschutz? F\u00fcr den Sonnenschutz im Innen- oder Au\u00dfenbereich k\u00f6nnen Sie sich an uns wenden. Entdecken Sie unsere Senkrechtmarkisen, Dachmarkisen oder Rolll\u00e4den.\",\"breadcrumb\":{\"@id\":\"https:\/\/pauwelsaluminium.be\/de\/sonnenschutz\/#breadcrumb\"},\"inLanguage\":\"de\",\"potentialAction\":[{\"@type\":\"ReadAction\",\"target\":[\"https:\/\/pauwelsaluminium.be\/de\/sonnenschutz\/\"]}]},{\"@type\":\"BreadcrumbList\",\"@id\":\"https:\/\/pauwelsaluminium.be\/de\/sonnenschutz\/#breadcrumb\",\"itemListElement\":[{\"@type\":\"ListItem\",\"position\":1,\"name\":\"Home\",\"item\":\"https:\/\/pauwelsaluminium.be\/de\/\"},{\"@type\":\"ListItem\",\"position\":2,\"name\":\"SONNENSCHUTZ\"}]},{\"@type\":\"WebSite\",\"@id\":\"https:\/\/pauwelsaluminium.be\/#website\",\"url\":\"https:\/\/pauwelsaluminium.be\/\",\"name\":\"Pauwels | Veranda&#039;s, ramen en deuren\",\"description\":\"Zichtbaar beter\",\"potentialAction\":[{\"@type\":\"SearchAction\",\"target\":{\"@type\":\"EntryPoint\",\"urlTemplate\":\"https:\/\/pauwelsaluminium.be\/?s={search_term_string}\"},\"query-input\":\"required name=search_term_string\"}],\"inLanguage\":\"de\"}]}<\/script>\n<!-- \/ Yoast SEO plugin. -->","yoast_head_json":{"title":"Sonnenschutz nach Ma\u00df | F\u00fcr den Innen- und Au\u00dfenbereich | PAUWELS","description":"Sie ben\u00f6tigen eine Sonnenschutz? F\u00fcr den Sonnenschutz im Innen- oder Au\u00dfenbereich k\u00f6nnen Sie sich an uns wenden. Entdecken Sie unsere Senkrechtmarkisen, Dachmarkisen oder Rolll\u00e4den.","robots":{"index":"index","follow":"follow","max-snippet":"max-snippet:-1","max-image-preview":"max-image-preview:large","max-video-preview":"max-video-preview:-1"},"canonical":"https:\/\/pauwelsaluminium.be\/de\/sonnenschutz\/","og_locale":"de_DE","og_type":"article","og_title":"Sonnenschutz nach Ma\u00df | F\u00fcr den Innen- und Au\u00dfenbereich | PAUWELS","og_description":"Sie ben\u00f6tigen eine Sonnenschutz? F\u00fcr den Sonnenschutz im Innen- oder Au\u00dfenbereich k\u00f6nnen Sie sich an uns wenden. Entdecken Sie unsere Senkrechtmarkisen, Dachmarkisen oder Rolll\u00e4den.","og_url":"https:\/\/pauwelsaluminium.be\/de\/sonnenschutz\/","og_site_name":"Pauwels | Veranda&#039;s, ramen en deuren","article_modified_time":"2023-08-01T19:19:55+00:00","og_image":[{"width":1318,"height":500,"url":"https:\/\/pauwelsaluminium.be\/wp-content\/uploads\/2022\/10\/renson-zonwering-bij-pauwels.jpg","type":"image\/jpeg"}],"twitter_card":"summary_large_image","twitter_misc":{"Gesch\u00e4tzte Lesezeit":"7\u00a0Minuten"},"schema":{"@context":"https:\/\/schema.org","@graph":[{"@type":"WebPage","@id":"https:\/\/pauwelsaluminium.be\/de\/sonnenschutz\/","url":"https:\/\/pauwelsaluminium.be\/de\/sonnenschutz\/","name":"Sonnenschutz nach Ma\u00df | F\u00fcr den Innen- und Au\u00dfenbereich | PAUWELS","isPartOf":{"@id":"https:\/\/pauwelsaluminium.be\/#website"},"datePublished":"2022-10-13T01:14:22+00:00","dateModified":"2023-08-01T19:19:55+00:00","description":"Sie ben\u00f6tigen eine Sonnenschutz? F\u00fcr den Sonnenschutz im Innen- oder Au\u00dfenbereich k\u00f6nnen Sie sich an uns wenden. Entdecken Sie unsere Senkrechtmarkisen, Dachmarkisen oder Rolll\u00e4den.","breadcrumb":{"@id":"https:\/\/pauwelsaluminium.be\/de\/sonnenschutz\/#breadcrumb"},"inLanguage":"de","potentialAction":[{"@type":"ReadAction","target":["https:\/\/pauwelsaluminium.be\/de\/sonnenschutz\/"]}]},{"@type":"BreadcrumbList","@id":"https:\/\/pauwelsaluminium.be\/de\/sonnenschutz\/#breadcrumb","itemListElement":[{"@type":"ListItem","position":1,"name":"Home","item":"https:\/\/pauwelsaluminium.be\/de\/"},{"@type":"ListItem","position":2,"name":"SONNENSCHUTZ"}]},{"@type":"WebSite","@id":"https:\/\/pauwelsaluminium.be\/#website","url":"https:\/\/pauwelsaluminium.be\/","name":"Pauwels | Veranda&#039;s, ramen en deuren","description":"Zichtbaar beter","potentialAction":[{"@type":"SearchAction","target":{"@type":"EntryPoint","urlTemplate":"https:\/\/pauwelsaluminium.be\/?s={search_term_string}"},"query-input":"required name=search_term_string"}],"inLanguage":"de"}]}},"_links":{"self":[{"href":"https:\/\/pauwelsaluminium.be\/de\/wp-json\/wp\/v2\/pages\/21545","targetHints":{"allow":["GET"]}}],"collection":[{"href":"https:\/\/pauwelsaluminium.be\/de\/wp-json\/wp\/v2\/pages"}],"about":[{"href":"https:\/\/pauwelsaluminium.be\/de\/wp-json\/wp\/v2\/types\/page"}],"author":[{"embeddable":true,"href":"https:\/\/pauwelsaluminium.be\/de\/wp-json\/wp\/v2\/users\/1"}],"replies":[{"embeddable":true,"href":"https:\/\/pauwelsaluminium.be\/de\/wp-json\/wp\/v2\/comments?post=21545"}],"version-history":[{"count":4,"href":"https:\/\/pauwelsaluminium.be\/de\/wp-json\/wp\/v2\/pages\/21545\/revisions"}],"predecessor-version":[{"id":21959,"href":"https:\/\/pauwelsaluminium.be\/de\/wp-json\/wp\/v2\/pages\/21545\/revisions\/21959"}],"wp:featuredmedia":[{"embeddable":true,"href":"https:\/\/pauwelsaluminium.be\/de\/wp-json\/wp\/v2\/media\/20024"}],"wp:attachment":[{"href":"https:\/\/pauwelsaluminium.be\/de\/wp-json\/wp\/v2\/media?parent=21545"}],"curies":[{"name":"wp","href":"https:\/\/api.w.org\/{rel}","templated":true}]}}